{"id":3616,"date":"2024-09-24T15:40:39","date_gmt":"2024-09-24T19:40:39","guid":{"rendered":"https:\/\/www.mpmt.ca\/career\/responsable-de-dossiers\/"},"modified":"2024-12-16T10:25:23","modified_gmt":"2024-12-16T15:25:23","slug":"file-manager","status":"publish","type":"page","link":"https:\/\/www.mpmt.ca\/en\/career\/file-manager\/","title":{"rendered":"File Manager"},"content":{"rendered":"<p><div class=\"fusion-fullwidth fullwidth-box fusion-builder-row-1 fusion-flex-container fusion-parallax-none nonhundred-percent-fullwidth non-hundred-percent-height-scrolling lazyload\" style=\"--awb-background-position:center top;--awb-border-radius-top-left:0px;--awb-border-radius-top-right:0px;--awb-border-radius-bottom-right:0px;--awb-border-radius-bottom-left:0px;--awb-padding-top:45px;--awb-background-color:var(--awb-color2);--awb-background-size:cover;--awb-flex-wrap:wrap;\" data-bg=\"https:\/\/www.mpmt.ca\/wp-content\/uploads\/2024\/09\/bg-carriere.jpg\" ><div class=\"fusion-builder-row fusion-row fusion-flex-align-items-flex-start fusion-flex-justify-content-center fusion-flex-content-wrap\" style=\"max-width:calc( 1180px + 0px );margin-left: calc(-0px \/ 2 );margin-right: calc(-0px \/ 2 );\"><div class=\"fusion-layout-column fusion_builder_column fusion-builder-column-0 fusion_builder_column_4_5 4_5 fusion-flex-column fusion-animated\" style=\"--awb-bg-blend:overlay;--awb-bg-size:cover;--awb-width-large:80%;--awb-margin-top-large:85px;--awb-spacing-right-large:0px;--awb-margin-bottom-large:60px;--awb-spacing-left-large:0px;--awb-width-medium:100%;--awb-spacing-right-medium:0px;--awb-spacing-left-medium:0px;--awb-width-small:100%;--awb-spacing-right-small:0px;--awb-spacing-left-small:0px;\" data-animationType=\"zoomIn\" data-animationDuration=\"0.9\" data-animationOffset=\"top-into-view\"><div class=\"fusion-column-wrapper fusion-flex-justify-content-flex-start fusion-content-layout-column\"><div class=\"fusion-title title fusion-title-1 fusion-sep-none fusion-title-center fusion-title-text fusion-title-size-one\" style=\"--awb-font-size:30px;\"><h1 class=\"fusion-title-heading title-heading-center\" style=\"margin:0;font-size:1em;text-transform:uppercase;\">File Manager Job Opportunity<\/h1><\/div><div class=\"fusion-separator\" style=\"align-self: center;margin-left: auto;margin-right: auto;margin-top:16px;margin-bottom:36px;width:100%;max-width:24%;\"><div class=\"fusion-separator-border sep-single\" style=\"--awb-height:20px;--awb-amount:20px;--awb-sep-color:#058c95;border-color:#058c95;border-top-width:2px;\"><\/div><\/div><div class=\"fusion-text fusion-text-1\"><p style=\"text-align: center;\"><span style=\"color: var(--awb-color6);\">MTA CPA Inc. is a firm of Chartered Professional Accountants founded in 1981, which means we have many years of experience and a wealth of knowledge to share with you! Want to learn more about us\u2014who we are, what we\u2019re like, our areas of expertise, and, most importantly, how we have fun throughout the year? Visit our social media channels and discover your future team!<\/span><\/p>\n<\/div><\/div><\/div><div class=\"fusion-layout-column fusion_builder_column fusion-builder-column-1 fusion_builder_column_1_1 1_1 fusion-flex-column\" style=\"--awb-bg-blend:overlay;--awb-bg-size:cover;--awb-width-large:100%;--awb-margin-top-large:0px;--awb-spacing-right-large:0px;--awb-margin-bottom-large:0px;--awb-spacing-left-large:0px;--awb-width-medium:100%;--awb-spacing-right-medium:0px;--awb-spacing-left-medium:0px;--awb-width-small:100%;--awb-spacing-right-small:0px;--awb-spacing-left-small:0px;\"><div class=\"fusion-column-wrapper fusion-flex-justify-content-center fusion-content-layout-column\"><div class=\"fusion-section-separator section-separator big-half-circle fusion-section-separator-1\" style=\"--awb-spacer-height:99px;--awb-svg-margin-left:0px;--awb-svg-margin-right:0px;--awb-svg-margin-left-medium:0px;--awb-svg-margin-right-medium:0px;--awb-svg-margin-left-small:0px;--awb-svg-margin-right-small:0px;--awb-divider-height:99px;--awb-spacer-padding-top:inherit;--awb-sep-padding:0;--awb-svg-padding:0;\"><div class=\"fusion-section-separator-svg\"><svg class=\"fusion-big-half-circle-candy\" xmlns=\"http:\/\/www.w3.org\/2000\/svg\" version=\"1.1\" width=\"100%\" height=\"100\" viewBox=\"0 0 100 100\" preserveAspectRatio=\"none\" fill=\"rgba(5,140,149,1)\"><path d=\"M0 100 C40 0 60 0 100 100 Z\"><\/path><\/svg><\/div><div class=\"fusion-section-separator-spacer\"><div class=\"fusion-section-separator-spacer-height\"><\/div><\/div><\/div><\/div><\/div><\/div><\/div><div class=\"fusion-fullwidth fullwidth-box fusion-builder-row-2 fusion-flex-container nonhundred-percent-fullwidth non-hundred-percent-height-scrolling\" style=\"--awb-border-radius-top-left:0px;--awb-border-radius-top-right:0px;--awb-border-radius-bottom-right:0px;--awb-border-radius-bottom-left:0px;--awb-padding-top:40px;--awb-padding-bottom:70px;--awb-background-color:#058c95;--awb-flex-wrap:wrap;\" ><div class=\"fusion-builder-row fusion-row fusion-flex-align-items-stretch fusion-flex-content-wrap\" style=\"max-width:1227.2px;margin-left: calc(-4% \/ 2 );margin-right: calc(-4% \/ 2 );\"><div class=\"fusion-layout-column fusion_builder_column fusion-builder-column-2 fusion_builder_column_1_2 1_2 fusion-flex-column fusion-flex-align-self-flex-start fusion-animated\" style=\"--awb-bg-blend:overlay;--awb-bg-size:cover;--awb-width-large:50%;--awb-margin-top-large:15px;--awb-spacing-right-large:3.84%;--awb-margin-bottom-large:15px;--awb-spacing-left-large:3.84%;--awb-width-medium:100%;--awb-spacing-right-medium:1.92%;--awb-spacing-left-medium:1.92%;--awb-width-small:100%;--awb-spacing-right-small:1.92%;--awb-spacing-left-small:1.92%;\" data-animationType=\"zoomIn\" data-animationDuration=\"0.9\" data-animationOffset=\"top-into-view\"><div class=\"fusion-column-wrapper fusion-flex-justify-content-center fusion-content-layout-column\"><div class=\"fusion-title title fusion-title-2 fusion-sep-none fusion-title-text fusion-title-size-three\" style=\"--awb-text-color:#ffffff;--awb-margin-bottom:0px;--awb-font-size:22px;\"><h3 class=\"fusion-title-heading title-heading-left\" style=\"margin:0;font-size:1em;\"><h2 class=\"fusion-responsive-typography-calculated\" data-fontsize=\"22\" data-lineheight=\"23.1px\">Why Work at MTA?<\/h2><\/h3><\/div><div class=\"fusion-text fusion-text-2\" style=\"--awb-text-color:#ffffff;\"><ol style=\"font-weight: 400; margin-top: 0;\">\n<li style=\"font-weight: 400 !important;\">You will receive ongoing internal training to enhance your knowledge, improve your skills, and support your professional growth;<\/li>\n<li style=\"font-weight: 400 !important;\">You will work in a collaborative, family-oriented, and cheerful environment;<\/li>\n<li style=\"font-weight: 400 !important;\">You will have the opportunity to use an adjustable workstation, allowing you to work sitting or standing, along with dual monitors and a laptop;<\/li>\n<li style=\"font-weight: 400 !important;\">You will handle various types of files for clients from different industries and of varying sizes;<\/li>\n<li style=\"font-weight: 400 !important;\">You will have the chance to take on special assignments.<\/li>\n<\/ol>\n<p style=\"font-weight: 400;\"><span style=\"font-weight: 400 !important;\"> <\/span><\/p>\n<h3 style=\"font-weight: 400; color: rgb(255, 255, 255); font-size: 22px; margin-bottom: 15px; --fontSize: 22; line-height: 1.05; --minFontSize: 22;\" data-fontsize=\"22\" data-lineheight=\"23.1px\" class=\"fusion-responsive-typography-calculated\">In summary, your role will consist of:<\/h3>\n<ul style=\"font-weight: 400; margin-top: 0;\">\n<li>You will execute compilation, audit, and review engagement files;<\/li>\n<li>You will communicate with clients in various ways (email, calls, or meetings) to follow up on their files;<\/li>\n<li>You will prepare tax returns for corporations (T2), individuals (T1), and trusts (T3);<\/li>\n<li>You will review the work of interns (analysts) as needed and provide them with feedback.<\/li>\n<\/ul>\n<\/div><\/div><\/div><div class=\"fusion-layout-column fusion_builder_column fusion-builder-column-3 fusion_builder_column_1_2 1_2 fusion-flex-column fusion-flex-align-self-flex-start fusion-animated\" style=\"--awb-bg-blend:overlay;--awb-bg-size:cover;--awb-width-large:50%;--awb-margin-top-large:15px;--awb-spacing-right-large:3.84%;--awb-margin-bottom-large:15px;--awb-spacing-left-large:3.84%;--awb-width-medium:100%;--awb-spacing-right-medium:1.92%;--awb-spacing-left-medium:1.92%;--awb-width-small:100%;--awb-spacing-right-small:1.92%;--awb-spacing-left-small:1.92%;\" data-animationType=\"zoomIn\" data-animationDuration=\"0.9\" data-animationOffset=\"top-into-view\"><div class=\"fusion-column-wrapper fusion-flex-justify-content-center fusion-content-layout-column\"><div class=\"fusion-title title fusion-title-3 fusion-sep-none fusion-title-text fusion-title-size-three\" style=\"--awb-text-color:#ffffff;--awb-margin-bottom:0px;--awb-font-size:22px;\"><h3 class=\"fusion-title-heading title-heading-left\" style=\"margin:0;font-size:1em;\"><h2 style=\"text-transform: uppercase;\">WE OFFER YOU :<\/h2><\/h3><\/div><div class=\"fusion-text fusion-text-3\" style=\"--awb-text-color:#ffffff;\"><ul style=\"font-weight: 400; margin-top: 0;\">\n<li>A flexible work schedule:\n<ul>\n<li>Option to work 4 days a week (37.5 hours);<\/li>\n<li>Opportunity to finish at noon on Fridays throughout the year;<\/li>\n<li>Up to 3 days of remote work per week;<\/li>\n<\/ul>\n<\/li>\n<li>Depending on where you are in your professional journey, we cover the following costs:\n<ul>\n<li>The CFE exam and your licensing application;<\/li>\n<li>The annual dues for CPA candidates;<\/li>\n<li>The annual dues once you obtain or if you already hold the CPA designation;<\/li>\n<li>Continuing education.<\/li>\n<\/ul>\n<\/li>\n<li>Group insurance, including a $1,500 health spending account;<\/li>\n<li>Opportunity to contribute to a group plan (up to 4% employer contribution);<\/li>\n<li>Opportunity to contribute to the FTQ RRSP;<\/li>\n<li>An annual allowance to encourage healthy habits and physical activity;<\/li>\n<li>\tPaid leave for participation in charitable or volunteer activities;<\/li>\n<li>6 family leave days;<\/li>\n<li>Flexible dress code;<\/li>\n<li>And best of all, unlimited free coffee, hot chocolate, and herbal tea at any time.<\/li>\n<\/ul>\n<\/div><\/div><\/div><\/div><\/div><div class=\"fusion-fullwidth fullwidth-box fusion-builder-row-3 fusion-flex-container nonhundred-percent-fullwidth non-hundred-percent-height-scrolling\" style=\"--awb-background-repeat:repeat-x;--awb-border-radius-top-left:0px;--awb-border-radius-top-right:0px;--awb-border-radius-bottom-right:0px;--awb-border-radius-bottom-left:0px;--awb-padding-top:70px;--awb-padding-bottom:71px;--awb-padding-top-small:20px;--awb-background-color:var(--awb-color7);--awb-flex-wrap:wrap;\" ><div class=\"fusion-builder-row fusion-row fusion-flex-align-items-flex-start fusion-flex-justify-content-space-between fusion-flex-content-wrap\" style=\"max-width:1227.2px;margin-left: calc(-4% \/ 2 );margin-right: calc(-4% \/ 2 );\"><div class=\"fusion-layout-column fusion_builder_column fusion-builder-column-4 fusion_builder_column_1_3 1_3 fusion-flex-column\" style=\"--awb-bg-blend:overlay;--awb-bg-size:cover;--awb-width-large:33.333333333333%;--awb-margin-top-large:0px;--awb-spacing-right-large:12.96%;--awb-margin-bottom-large:0px;--awb-spacing-left-large:5.76%;--awb-width-medium:100%;--awb-spacing-right-medium:1.92%;--awb-spacing-left-medium:1.92%;--awb-width-small:100%;--awb-spacing-right-small:1.92%;--awb-spacing-left-small:1.92%;\"><div class=\"fusion-column-wrapper fusion-flex-justify-content-flex-start fusion-content-layout-column\"><div class=\"fusion-title title fusion-title-4 fusion-title-text fusion-title-size-three\" style=\"--awb-text-color:#ffffff;--awb-margin-top:0px;\"><div class=\"title-sep-container title-sep-container-left fusion-no-large-visibility fusion-no-medium-visibility fusion-no-small-visibility\"><div class=\"title-sep sep- sep-solid\" style=\"border-color:var(--awb-color6);\"><\/div><\/div><span class=\"awb-title-spacer fusion-no-large-visibility fusion-no-medium-visibility fusion-no-small-visibility\"><\/span><h3 class=\"fusion-title-heading title-heading-left\" style=\"margin:0;\"><span class=\"s1\">SEND YOUR APPLICATION<\/span><\/h3><span class=\"awb-title-spacer\"><\/span><div class=\"title-sep-container title-sep-container-right\"><div class=\"title-sep sep- sep-solid\" style=\"border-color:var(--awb-color6);\"><\/div><\/div><\/div><div class=\"fusion-separator\" style=\"align-self: flex-start;margin-right:auto;margin-bottom:20px;width:100%;max-width:215px;\"><div class=\"fusion-separator-border sep-single\" style=\"--awb-height:20px;--awb-amount:20px;--awb-sep-color:#ffffff;border-color:#ffffff;border-top-width:1px;\"><\/div><\/div><div class=\"fusion-text fusion-text-4\" style=\"--awb-line-height:1.5em;--awb-text-color:#ffffff;\"><p>Thank you for your interest in MTA CPA Inc. Our team will carefully review your application.<\/p>\n<\/div><\/div><\/div><div class=\"fusion-layout-column fusion_builder_column fusion-builder-column-5 fusion_builder_column_3_5 3_5 fusion-flex-column career-form\" style=\"--awb-padding-bottom:30px;--awb-bg-color:rgba(41,43,55,0);--awb-bg-color-hover:rgba(41,43,55,0);--awb-bg-size:cover;--awb-border-color:var(--awb-color3);--awb-border-top:0px;--awb-border-right:0px;--awb-border-bottom:0px;--awb-border-left:0px;--awb-border-style:solid;--awb-width-large:60%;--awb-margin-top-large:0px;--awb-spacing-right-large:3.2%;--awb-margin-bottom-large:0px;--awb-spacing-left-large:3.2%;--awb-width-medium:100%;--awb-spacing-right-medium:1.92%;--awb-spacing-left-medium:1.92%;--awb-width-small:100%;--awb-spacing-right-small:1.92%;--awb-spacing-left-small:1.92%;\"><div class=\"fusion-column-wrapper fusion-flex-justify-content-flex-start fusion-content-layout-column\">\n<div class=\"wpcf7 no-js\" id=\"wpcf7-f3705-o1\" lang=\"en-US\" dir=\"ltr\" data-wpcf7-id=\"3705\">\n<div class=\"screen-reader-response\"><p role=\"status\" aria-live=\"polite\" aria-atomic=\"true\"><\/p> <ul><\/ul><\/div>\n<form action=\"\/en\/wp-json\/wp\/v2\/pages\/3616#wpcf7-f3705-o1\" method=\"post\" class=\"wpcf7-form init\" aria-label=\"Contact form\" enctype=\"multipart\/form-data\" novalidate=\"novalidate\" data-status=\"init\">\n<fieldset class=\"hidden-fields-container\"><input type=\"hidden\" name=\"_wpcf7\" value=\"3705\" \/><input type=\"hidden\" name=\"_wpcf7_version\" value=\"6.1.2\" \/><input type=\"hidden\" name=\"_wpcf7_locale\" value=\"en_US\" \/><input type=\"hidden\" name=\"_wpcf7_unit_tag\" value=\"wpcf7-f3705-o1\" \/><input type=\"hidden\" name=\"_wpcf7_container_post\" value=\"0\" \/><input type=\"hidden\" name=\"_wpcf7_posted_data_hash\" value=\"\" \/><input type=\"hidden\" name=\"_wpcf7_recaptcha_response\" value=\"\" \/>\n<\/fieldset>\n<div class=\"half-cont\">\n\t<div class=\"half\">\n\t\t<p><label><span class=\"wpcf7-form-control-wrap\" data-name=\"nom\"><input size=\"40\" maxlength=\"400\" class=\"wpcf7-form-control wpcf7-text wpcf7-validates-as-required\" autocomplete=\"name\" aria-required=\"true\" aria-invalid=\"false\" placeholder=\"*Name\" value=\"\" type=\"text\" name=\"nom\" \/><\/span><\/label>\n\t\t<\/p>\n\t<\/div>\n\t<div class=\"half\">\n\t\t<p><label><span class=\"wpcf7-form-control-wrap\" data-name=\"email\"><input size=\"40\" maxlength=\"400\" class=\"wpcf7-form-control wpcf7-email wpcf7-validates-as-required wpcf7-text wpcf7-validates-as-email\" autocomplete=\"email\" aria-required=\"true\" aria-invalid=\"false\" placeholder=\"Email\" value=\"\" type=\"email\" name=\"email\" \/><\/span><\/label>\n\t\t<\/p>\n\t<\/div>\n\t<div class=\"half\">\n\t\t<p><label><span class=\"wpcf7-form-control-wrap\" data-name=\"address\"><input size=\"40\" maxlength=\"400\" class=\"wpcf7-form-control wpcf7-text\" autocomplete=\"address\" aria-invalid=\"false\" placeholder=\"Address\" value=\"\" type=\"text\" name=\"address\" \/><\/span><\/label>\n\t\t<\/p>\n\t<\/div>\n\t<div class=\"half\">\n\t\t<p><label><span class=\"wpcf7-form-control-wrap\" data-name=\"city\"><input size=\"40\" maxlength=\"400\" class=\"wpcf7-form-control wpcf7-text\" autocomplete=\"city\" aria-invalid=\"false\" placeholder=\"City\" value=\"\" type=\"text\" name=\"city\" \/><\/span><\/label>\n\t\t<\/p>\n\t<\/div>\n\t<div class=\"half\">\n\t\t<p><label><span class=\"wpcf7-form-control-wrap\" data-name=\"zip\"><input size=\"40\" maxlength=\"400\" class=\"wpcf7-form-control wpcf7-text\" autocomplete=\"zip-code\" aria-invalid=\"false\" placeholder=\"ZIP code\" value=\"\" type=\"text\" name=\"zip\" \/><\/span><\/label>\n\t\t<\/p>\n\t<\/div>\n\t<div class=\"half\">\n\t\t<p><label><span class=\"wpcf7-form-control-wrap\" data-name=\"telephone\"><input size=\"40\" maxlength=\"400\" class=\"wpcf7-form-control wpcf7-tel wpcf7-text wpcf7-validates-as-tel\" autocomplete=\"phone\" aria-invalid=\"false\" placeholder=\"Phone\" value=\"\" type=\"tel\" name=\"telephone\" \/><\/span><\/label>\n\t\t<\/p>\n\t<\/div>\n<\/div>\n<div class=\"full-width-cont\">\n\t<div>\n\t\t<p><label><br \/>\n*Where did you hear about MTA?<br \/>\n<span class=\"wpcf7-form-control-wrap\" data-name=\"trouver\"><select class=\"wpcf7-form-control wpcf7-select\" aria-invalid=\"false\" name=\"trouver\"><option value=\"Social media\">Social media<\/option><option value=\"Mouth-to-mouth\">Mouth-to-mouth<\/option><option value=\"Advertisement\">Advertisement<\/option><option value=\"Search engine\">Search engine<\/option><option value=\"Our website\">Our website<\/option><option value=\"Other\">Other<\/option><\/select><\/span><br \/>\n<\/label>\n\t\t<\/p>\n\t<\/div>\n\t<div>\n\t\t<p><label><span class=\"wpcf7-form-control-wrap\" data-name=\"your-message\"><textarea cols=\"40\" rows=\"10\" maxlength=\"2000\" class=\"wpcf7-form-control wpcf7-textarea\" aria-invalid=\"false\" placeholder=\"Message\" name=\"your-message\"><\/textarea><\/span><\/label>\n\t\t<\/p>\n\t<\/div>\n<\/div>\n<div class=\"half-cont files\">\n\t<div class=\"half\">\n\t\t<p><label>CV <span class=\"wpcf7-form-control-wrap\" data-name=\"cv\"><input size=\"40\" class=\"wpcf7-form-control wpcf7-file\" accept=\".pdf,.doc,.docx,.odt,.rtf,.txt,.jpg,.jpeg,.png\" aria-invalid=\"false\" type=\"file\" name=\"cv\" \/><\/span><\/label>\n\t\t<\/p>\n\t<\/div>\n\t<div class=\"half\">\n\t\t<p><label>Presentation letter <span class=\"wpcf7-form-control-wrap\" data-name=\"presentation\"><input size=\"40\" class=\"wpcf7-form-control wpcf7-file\" accept=\".pdf,.doc,.docx,.odt,.rtf,.txt,.jpg,.jpeg,.png\" aria-invalid=\"false\" type=\"file\" name=\"presentation\" \/><\/span><\/label>\n\t\t<\/p>\n\t<\/div>\n<\/div>\n<div class=\"text-center\">\n\t<p><input class=\"wpcf7-form-control wpcf7-submit has-spinner\" type=\"submit\" value=\"Send\" \/>\n\t<\/p>\n<\/div><div class=\"fusion-alert alert custom alert-custom fusion-alert-center wpcf7-response-output awb-alert-native-link-color alert-dismissable awb-alert-close-boxed\" style=\"--awb-border-size:1px;--awb-border-top-left-radius:0px;--awb-border-top-right-radius:0px;--awb-border-bottom-left-radius:0px;--awb-border-bottom-right-radius:0px;\" role=\"alert\"><div class=\"fusion-alert-content-wrapper\"><span class=\"fusion-alert-content\"><\/span><\/div><button type=\"button\" class=\"close toggle-alert\" data-dismiss=\"alert\" aria-label=\"Close\">&times;<\/button><\/div>\n<\/form>\n<\/div>\n<\/div><\/div><\/div><\/div><\/p>\n","protected":false},"excerpt":{"rendered":"<p>Tu ex\u00e9cuteras des dossiers de mission de compilation, d\u2019audit et de missions d\u2019examen;<br \/>\nTu pourras communiquer de diverses fa\u00e7ons (courriel, appel ou rencontre) avec les clients pour effectuer des suivis de leur dossier;<br \/>\nTu pourras ex\u00e9cuter des d\u00e9clarations de revenus pour les soci\u00e9t\u00e9s (T2), les particuliers (T1) et les fiducies (T3);<br \/>\nTu seras en mesure de r\u00e9viser le travail des stagiaires (analystes) au besoin et leur donner une r\u00e9troaction; <\/p>\n","protected":false},"author":1,"featured_media":0,"parent":3604,"menu_order":0,"comment_status":"closed","ping_status":"closed","template":"career.php","meta":{"inline_featured_image":false,"footnotes":""},"class_list":["post-3616","page","type-page","status-publish","hentry"],"yoast_head":"<!-- This site is optimized with the Yoast SEO plugin v26.2 - https:\/\/yoast.com\/wordpress\/plugins\/seo\/ -->\n<title>File Manager - MTA CPA<\/title>\n<meta name=\"robots\" content=\"index, follow, max-snippet:-1, max-image-preview:large, max-video-preview:-1\" \/>\n<link rel=\"canonical\" href=\"https:\/\/www.mpmt.ca\/en\/career\/file-manager\/\" \/>\n<meta property=\"og:locale\" content=\"en_US\" \/>\n<meta property=\"og:type\" content=\"article\" \/>\n<meta property=\"og:title\" content=\"File Manager - MTA CPA\" \/>\n<meta property=\"og:description\" content=\"Tu ex\u00e9cuteras des dossiers de mission de compilation, d\u2019audit et de missions d\u2019examen;  Tu pourras communiquer de diverses fa\u00e7ons (courriel, appel ou rencontre) avec les clients pour effectuer des suivis de leur dossier;  Tu pourras ex\u00e9cuter des d\u00e9clarations de revenus pour les soci\u00e9t\u00e9s (T2), les particuliers (T1) et les fiducies (T3);  Tu seras en mesure de r\u00e9viser le travail des stagiaires (analystes) au besoin et leur donner une r\u00e9troaction;\" \/>\n<meta property=\"og:url\" content=\"https:\/\/www.mpmt.ca\/en\/career\/file-manager\/\" \/>\n<meta property=\"og:site_name\" content=\"MTA CPA\" \/>\n<meta property=\"article:publisher\" content=\"https:\/\/www.facebook.com\/MTACPAinc\/\" \/>\n<meta property=\"article:modified_time\" content=\"2024-12-16T15:25:23+00:00\" \/>\n<meta name=\"twitter:card\" content=\"summary_large_image\" \/>\n<meta name=\"twitter:label1\" content=\"Est. reading time\" \/>\n\t<meta name=\"twitter:data1\" content=\"3 minutes\" \/>\n<!-- \/ Yoast SEO plugin. -->","yoast_head_json":{"title":"File Manager - MTA CPA","robots":{"index":"index","follow":"follow","max-snippet":"max-snippet:-1","max-image-preview":"max-image-preview:large","max-video-preview":"max-video-preview:-1"},"canonical":"https:\/\/www.mpmt.ca\/en\/career\/file-manager\/","og_locale":"en_US","og_type":"article","og_title":"File Manager - MTA CPA","og_description":"Tu ex\u00e9cuteras des dossiers de mission de compilation, d\u2019audit et de missions d\u2019examen;  Tu pourras communiquer de diverses fa\u00e7ons (courriel, appel ou rencontre) avec les clients pour effectuer des suivis de leur dossier;  Tu pourras ex\u00e9cuter des d\u00e9clarations de revenus pour les soci\u00e9t\u00e9s (T2), les particuliers (T1) et les fiducies (T3);  Tu seras en mesure de r\u00e9viser le travail des stagiaires (analystes) au besoin et leur donner une r\u00e9troaction;","og_url":"https:\/\/www.mpmt.ca\/en\/career\/file-manager\/","og_site_name":"MTA CPA","article_publisher":"https:\/\/www.facebook.com\/MTACPAinc\/","article_modified_time":"2024-12-16T15:25:23+00:00","twitter_card":"summary_large_image","twitter_misc":{"Est. reading time":"3 minutes"},"schema":{"@context":"https:\/\/schema.org","@graph":[{"@type":"WebPage","@id":"https:\/\/www.mpmt.ca\/en\/career\/file-manager\/","url":"https:\/\/www.mpmt.ca\/en\/career\/file-manager\/","name":"File Manager - MTA CPA","isPartOf":{"@id":"https:\/\/www.mpmt.ca\/en\/#website"},"datePublished":"2024-09-24T19:40:39+00:00","dateModified":"2024-12-16T15:25:23+00:00","breadcrumb":{"@id":"https:\/\/www.mpmt.ca\/en\/career\/file-manager\/#breadcrumb"},"inLanguage":"en-US","potentialAction":[{"@type":"ReadAction","target":["https:\/\/www.mpmt.ca\/en\/career\/file-manager\/"]}]},{"@type":"BreadcrumbList","@id":"https:\/\/www.mpmt.ca\/en\/career\/file-manager\/#breadcrumb","itemListElement":[{"@type":"ListItem","position":1,"name":"Accueil","item":"https:\/\/www.mpmt.ca\/en\/"},{"@type":"ListItem","position":2,"name":"Career","item":"https:\/\/www.mpmt.ca\/en\/career\/"},{"@type":"ListItem","position":3,"name":"File Manager"}]},{"@type":"WebSite","@id":"https:\/\/www.mpmt.ca\/en\/#website","url":"https:\/\/www.mpmt.ca\/en\/","name":"MTA CPA","description":"","publisher":{"@id":"https:\/\/www.mpmt.ca\/en\/#organization"},"potentialAction":[{"@type":"SearchAction","target":{"@type":"EntryPoint","urlTemplate":"https:\/\/www.mpmt.ca\/en\/?s={search_term_string}"},"query-input":{"@type":"PropertyValueSpecification","valueRequired":true,"valueName":"search_term_string"}}],"inLanguage":"en-US"},{"@type":"Organization","@id":"https:\/\/www.mpmt.ca\/en\/#organization","name":"MTA CPA","url":"https:\/\/www.mpmt.ca\/en\/","logo":{"@type":"ImageObject","inLanguage":"en-US","@id":"https:\/\/www.mpmt.ca\/en\/#\/schema\/logo\/image\/","url":"https:\/\/www.mpmt.ca\/wp-content\/uploads\/2024\/09\/mta-logo-2x.png","contentUrl":"https:\/\/www.mpmt.ca\/wp-content\/uploads\/2024\/09\/mta-logo-2x.png","width":498,"height":120,"caption":"MTA CPA"},"image":{"@id":"https:\/\/www.mpmt.ca\/en\/#\/schema\/logo\/image\/"},"sameAs":["https:\/\/www.facebook.com\/MTACPAinc\/","https:\/\/www.instagram.com\/mta_cpa_inc\/","https:\/\/www.linkedin.com\/company\/massie-turcotte-et-associs-inc-\/?originalSubdomain=ca"]}]}},"_links":{"self":[{"href":"https:\/\/www.mpmt.ca\/en\/wp-json\/wp\/v2\/pages\/3616","targetHints":{"allow":["GET"]}}],"collection":[{"href":"https:\/\/www.mpmt.ca\/en\/wp-json\/wp\/v2\/pages"}],"about":[{"href":"https:\/\/www.mpmt.ca\/en\/wp-json\/wp\/v2\/types\/page"}],"author":[{"embeddable":true,"href":"https:\/\/www.mpmt.ca\/en\/wp-json\/wp\/v2\/users\/1"}],"replies":[{"embeddable":true,"href":"https:\/\/www.mpmt.ca\/en\/wp-json\/wp\/v2\/comments?post=3616"}],"version-history":[{"count":2,"href":"https:\/\/www.mpmt.ca\/en\/wp-json\/wp\/v2\/pages\/3616\/revisions"}],"predecessor-version":[{"id":3619,"href":"https:\/\/www.mpmt.ca\/en\/wp-json\/wp\/v2\/pages\/3616\/revisions\/3619"}],"up":[{"embeddable":true,"href":"https:\/\/www.mpmt.ca\/en\/wp-json\/wp\/v2\/pages\/3604"}],"wp:attachment":[{"href":"https:\/\/www.mpmt.ca\/en\/wp-json\/wp\/v2\/media?parent=3616"}],"curies":[{"name":"wp","href":"https:\/\/api.w.org\/{rel}","templated":true}]}}