{"id":3688,"date":"2024-10-01T16:26:54","date_gmt":"2024-10-01T20:26:54","guid":{"rendered":"https:\/\/www.mpmt.ca\/liens-utiles\/"},"modified":"2024-12-16T13:35:07","modified_gmt":"2024-12-16T18:35:07","slug":"useful-links","status":"publish","type":"page","link":"https:\/\/www.mpmt.ca\/en\/useful-links\/","title":{"rendered":"Useful links"},"content":{"rendered":"<div class=\"fusion-fullwidth fullwidth-box fusion-builder-row-1 fusion-flex-container nonhundred-percent-fullwidth non-hundred-percent-height-scrolling\" style=\"--awb-border-radius-top-left:0px;--awb-border-radius-top-right:0px;--awb-border-radius-bottom-right:0px;--awb-border-radius-bottom-left:0px;--awb-padding-top:0px;--awb-flex-wrap:wrap;\" ><div class=\"fusion-builder-row fusion-row fusion-flex-align-items-flex-start fusion-flex-content-wrap\" style=\"max-width:1227.2px;margin-left: calc(-4% \/ 2 );margin-right: calc(-4% \/ 2 );\"><div class=\"fusion-layout-column fusion_builder_column fusion-builder-column-0 fusion_builder_column_1_1 1_1 fusion-flex-column\" style=\"--awb-bg-blend:overlay;--awb-bg-size:cover;--awb-border-color:#ffffff;--awb-border-bottom:1px;--awb-border-style:solid;--awb-width-large:100%;--awb-margin-top-large:0px;--awb-spacing-right-large:1.92%;--awb-margin-bottom-large:0px;--awb-spacing-left-large:1.92%;--awb-width-medium:100%;--awb-spacing-right-medium:1.92%;--awb-spacing-left-medium:1.92%;--awb-width-small:100%;--awb-spacing-right-small:1.92%;--awb-spacing-left-small:1.92%;\"><div class=\"fusion-column-wrapper fusion-flex-justify-content-flex-start fusion-content-layout-column\"><div class=\"fusion-title title fusion-title-1 fusion-title-text fusion-title-size-two\" style=\"--awb-text-color:#ffffff;--awb-margin-top:0px;--awb-margin-bottom:0px;\"><div class=\"title-sep-container title-sep-container-left fusion-no-large-visibility fusion-no-medium-visibility fusion-no-small-visibility\"><div class=\"title-sep sep- sep-solid\" style=\"border-color:var(--awb-color6);\"><\/div><\/div><span class=\"awb-title-spacer fusion-no-large-visibility fusion-no-medium-visibility fusion-no-small-visibility\"><\/span><h2 class=\"fusion-title-heading title-heading-left\" style=\"margin:0;\"><h2>Government sites<\/h2><\/h2><span class=\"awb-title-spacer\"><\/span><div class=\"title-sep-container title-sep-container-right\"><div class=\"title-sep sep- sep-solid\" style=\"border-color:var(--awb-color6);\"><\/div><\/div><\/div><div class=\"fusion-builder-row fusion-builder-row-inner fusion-row fusion-flex-align-items-flex-start fusion-flex-content-wrap\" style=\"width:104% !important;max-width:104% !important;margin-left: calc(-4% \/ 2 );margin-right: calc(-4% \/ 2 );\"><div class=\"fusion-layout-column fusion_builder_column_inner fusion-builder-nested-column-0 fusion_builder_column_inner_1_2 1_2 fusion-flex-column\" style=\"--awb-bg-size:cover;--awb-width-large:50%;--awb-margin-top-large:0px;--awb-spacing-right-large:3.84%;--awb-margin-bottom-large:15px;--awb-spacing-left-large:3.84%;--awb-width-medium:100%;--awb-order-medium:0;--awb-spacing-right-medium:1.92%;--awb-spacing-left-medium:1.92%;--awb-width-small:100%;--awb-order-small:0;--awb-spacing-right-small:1.92%;--awb-spacing-left-small:1.92%;\"><div class=\"fusion-column-wrapper fusion-column-has-shadow fusion-flex-justify-content-flex-start fusion-content-layout-column\"><div class=\"fusion-text fusion-text-1\"><ul class=\"colorful-bullet\">\n<li><a title=\"Liens Utiles | Massie Turcotte et Associ\u00c3\u00a9s inc.\" href=\"https:\/\/www.infoentrepreneurs.org\/\" target=\"_blank\" rel=\"noopener\">Info entrepreneurs<\/a><\/li>\n<li><a title=\"Liens Utiles | Massie Turcotte et Associ\u00c3\u00a9s inc.\" href=\"https:\/\/lautorite.qc.ca\/grand-public\/\" target=\"_blank\" rel=\"noopener\">Inspecteur g\u00e9n\u00e9ral des institutions financi\u00e8res<\/a><\/li>\n<li><a title=\"Liens Utiles | Massie Turcotte et Associ\u00c3\u00a9s inc.\" href=\"https:\/\/www.cnesst.gouv.qc.ca\/fr\" target=\"_blank\" rel=\"noopener\">Commission des normes du travail<\/a><\/li>\n<li><a title=\"Liens Utiles | Massie Turcotte et Associ\u00c3\u00a9s inc.\" href=\"https:\/\/www.registreentreprises.gouv.qc.ca\/fr\/default.aspx\" target=\"_blank\" rel=\"noopener\">Registraire des entreprises<\/a><\/li>\n<li><a title=\"Liens Utiles | Massie Turcotte et Associ\u00c3\u00a9s inc.\" href=\"https:\/\/www.investquebec.com\/quebec\/fr\/\" target=\"_blank\" rel=\"noopener\">Investissement &#8211; Qu\u00e9bec<\/a><\/li>\n<li><a title=\"Liens Utiles | Massie Turcotte et Associ\u00c3\u00a9s inc.\" href=\"https:\/\/www.ccq.org\/\" target=\"_blank\" rel=\"noopener\">Commission de la construction du Qu\u00e9bec<\/a><\/li>\n<li><a title=\"Liens Utiles | Massie Turcotte et Associ\u00c3\u00a9s inc.\" href=\"https:\/\/www.retraitequebec.gouv.qc.ca\/fr\/Pages\/accueil.aspx\" target=\"_blank\" rel=\"noopener\">R\u00e9gie des rentes du Qu\u00e9bec<\/a><\/li>\n<li><a title=\"Liens Utiles | Massie Turcotte et Associ\u00c3\u00a9s inc.\" href=\"https:\/\/www2.gouv.qc.ca\/entreprises\/portail\/quebec\" target=\"_blank\" rel=\"noopener\">Gouvernement du Qu\u00e9bec &#8211; Portail de d\u00e9marrage d&#8217;entreprise<\/a><\/li>\n<li><a title=\"Liens Utiles | Massie Turcotte et Associ\u00c3\u00a9s inc.\" href=\"https:\/\/www.canada.ca\/fr\/services\/entreprises.html\" target=\"_blank\" rel=\"noopener\">R\u00e9seau entreprises Canada<\/a><\/li>\n<li><a title=\"Liens Utiles | Massie Turcotte et Associ\u00c3\u00a9s inc.\" href=\"https:\/\/risquesdelesions.cnesst.gouv.qc.ca\/pages\/selectionsecteur.aspx\" target=\"_blank\" rel=\"noopener\">CSST<\/a><\/li>\n<\/ul>\n<\/div><\/div><\/div><div class=\"fusion-layout-column fusion_builder_column_inner fusion-builder-nested-column-1 fusion_builder_column_inner_1_2 1_2 fusion-flex-column\" style=\"--awb-bg-size:cover;--awb-width-large:50%;--awb-margin-top-large:0px;--awb-spacing-right-large:3.84%;--awb-margin-bottom-large:15px;--awb-spacing-left-large:3.84%;--awb-width-medium:100%;--awb-order-medium:0;--awb-spacing-right-medium:1.92%;--awb-spacing-left-medium:1.92%;--awb-width-small:100%;--awb-order-small:0;--awb-spacing-right-small:1.92%;--awb-spacing-left-small:1.92%;\"><div class=\"fusion-column-wrapper fusion-column-has-shadow fusion-flex-justify-content-flex-start fusion-content-layout-column\"><div class=\"fusion-text fusion-text-2\"><ul class=\"colorful-bullet\">\n<li><a title=\"Liens Utiles | Massie Turcotte et Associ\u00c3\u00a9s inc.\" href=\"https:\/\/www.economie.gouv.qc.ca\/accueil\/\" target=\"_blank\" rel=\"noopener\">Minist\u00e8re du d\u00e9veloppement \u00e9conomique et r\u00e9gional et de la recherche<\/a><\/li>\n<li><a title=\"Liens Utiles | Massie Turcotte et Associ\u00c3\u00a9s inc.\" href=\"https:\/\/www.quebec.ca\/\" target=\"_blank\" rel=\"noopener\">Communication &#8211; Qu\u00e9bec<\/a><\/li>\n<li><a title=\"Liens Utiles | Massie Turcotte et Associ\u00c3\u00a9s inc.\" href=\"https:\/\/www.cnesst.gouv.qc.ca\/fr\" target=\"_blank\" rel=\"noopener\">Commission de la sant\u00e9 et de la s\u00e9curit\u00e9 au travail<\/a><\/li>\n<li><a title=\"Liens Utiles | Massie Turcotte et Associ\u00c3\u00a9s inc.\" href=\"https:\/\/www.ic.gc.ca\/eic\/site\/icgc.nsf\/fra\/accueil\" target=\"_blank\" rel=\"noopener\">Industrie Canada<\/a><\/li>\n<li><a title=\"Liens Utiles | Massie Turcotte et Associ\u00c3\u00a9s inc.\" href=\"https:\/\/www.ic.gc.ca\/eic\/site\/icgc.nsf\/fra\/accueil\" target=\"_blank\" rel=\"noopener\">Strat\u00e9gis<\/a><\/li>\n<li><a title=\"Liens Utiles | Massie Turcotte et Associ\u00c3\u00a9s inc.\" href=\"https:\/\/www.cqff.com\/\" target=\"_blank\" rel=\"noopener\">RE\u00c9\u00c9 et subvention de 20 %<\/a><\/li>\n<li><a title=\"Liens Utiles | Massie Turcotte et Associ\u00c3\u00a9s inc.\" href=\"https:\/\/www.revenuquebec.ca\/fr\/\" target=\"_blank\" rel=\"noopener\">Revenu Qu\u00e9bec<\/a><\/li>\n<li><a title=\"Liens Utiles | Massie Turcotte et Associ\u00c3\u00a9s inc.\" href=\"https:\/\/www.canada.ca\/fr\/services\/impots.html\" target=\"_blank\" rel=\"noopener\">Agence du revenu du Canada<\/a><\/li>\n<\/ul>\n<\/div><\/div><\/div><\/div><\/div><\/div><div class=\"fusion-layout-column fusion_builder_column fusion-builder-column-1 fusion_builder_column_1_1 1_1 fusion-flex-column\" style=\"--awb-bg-blend:overlay;--awb-bg-size:cover;--awb-border-color:#ffffff;--awb-border-bottom:1px;--awb-border-style:solid;--awb-width-large:100%;--awb-margin-top-large:0px;--awb-spacing-right-large:1.92%;--awb-margin-bottom-large:0px;--awb-spacing-left-large:1.92%;--awb-width-medium:100%;--awb-spacing-right-medium:1.92%;--awb-spacing-left-medium:1.92%;--awb-width-small:100%;--awb-spacing-right-small:1.92%;--awb-spacing-left-small:1.92%;\"><div class=\"fusion-column-wrapper fusion-flex-justify-content-flex-start fusion-content-layout-column\"><div class=\"fusion-title title fusion-title-2 fusion-title-text fusion-title-size-two\" style=\"--awb-text-color:#ffffff;--awb-margin-bottom:0px;\"><div class=\"title-sep-container title-sep-container-left fusion-no-large-visibility fusion-no-medium-visibility fusion-no-small-visibility\"><div class=\"title-sep sep- sep-solid\" style=\"border-color:var(--awb-color6);\"><\/div><\/div><span class=\"awb-title-spacer fusion-no-large-visibility fusion-no-medium-visibility fusion-no-small-visibility\"><\/span><h2 class=\"fusion-title-heading title-heading-left\" style=\"margin:0;\"><h2>Professional orders<\/h2><\/h2><span class=\"awb-title-spacer\"><\/span><div class=\"title-sep-container title-sep-container-right\"><div class=\"title-sep sep- sep-solid\" style=\"border-color:var(--awb-color6);\"><\/div><\/div><\/div><div class=\"fusion-builder-row fusion-builder-row-inner fusion-row fusion-flex-align-items-flex-start fusion-flex-content-wrap\" style=\"width:104% !important;max-width:104% !important;margin-left: calc(-4% \/ 2 );margin-right: calc(-4% \/ 2 );\"><div class=\"fusion-layout-column fusion_builder_column_inner fusion-builder-nested-column-2 fusion_builder_column_inner_1_2 1_2 fusion-flex-column\" style=\"--awb-bg-size:cover;--awb-width-large:50%;--awb-margin-top-large:0px;--awb-spacing-right-large:3.84%;--awb-margin-bottom-large:15px;--awb-spacing-left-large:3.84%;--awb-width-medium:100%;--awb-order-medium:0;--awb-spacing-right-medium:1.92%;--awb-spacing-left-medium:1.92%;--awb-width-small:100%;--awb-order-small:0;--awb-spacing-right-small:1.92%;--awb-spacing-left-small:1.92%;\"><div class=\"fusion-column-wrapper fusion-column-has-shadow fusion-flex-justify-content-flex-start fusion-content-layout-column\"><div class=\"fusion-text fusion-text-3\"><ul class=\"colorful-bullet\">\n<li><a title=\"Liens Utiles | Massie Turcotte et Associ\u00c3\u00a9s inc.\" href=\"https:\/\/www.barreau.qc.ca\/fr\/\" target=\"_blank\" rel=\"noopener\">Barreau du Qu\u00e9bec<\/a><\/li>\n<li><a title=\"Liens Utiles | Massie Turcotte et Associ\u00c3\u00a9s inc.\" href=\"https:\/\/www.cpacanada.ca\/en\" target=\"_blank\" rel=\"noopener\">Comptables professionnels agr\u00e9\u00e9s Canada<\/a><\/li>\n<li><a title=\"Liens Utiles | Massie Turcotte et Associ\u00c3\u00a9s inc.\" href=\"https:\/\/cpaquebec.ca\/\" target=\"_blank\" rel=\"noopener\">Ordre des Comptables g\u00e9n\u00e9raux licenci\u00e9s du Qu\u00e9bec<\/a><\/li>\n<\/ul>\n<\/div><\/div><\/div><div class=\"fusion-layout-column fusion_builder_column_inner fusion-builder-nested-column-3 fusion_builder_column_inner_1_2 1_2 fusion-flex-column\" style=\"--awb-bg-size:cover;--awb-width-large:50%;--awb-margin-top-large:0px;--awb-spacing-right-large:3.84%;--awb-margin-bottom-large:15px;--awb-spacing-left-large:3.84%;--awb-width-medium:100%;--awb-order-medium:0;--awb-spacing-right-medium:1.92%;--awb-spacing-left-medium:1.92%;--awb-width-small:100%;--awb-order-small:0;--awb-spacing-right-small:1.92%;--awb-spacing-left-small:1.92%;\"><div class=\"fusion-column-wrapper fusion-column-has-shadow fusion-flex-justify-content-flex-start fusion-content-layout-column\"><div class=\"fusion-text fusion-text-4\"><ul class=\"colorful-bullet\">\n<li><a title=\"Liens Utiles | Massie Turcotte et Associ\u00c3\u00a9s inc.\" href=\"https:\/\/www.cnq.org\/\" target=\"_blank\" rel=\"noopener\">Chambre des notaires du Qu\u00e9bec<\/a><\/li>\n<li><a title=\"Liens Utiles | Massie Turcotte et Associ\u00c3\u00a9s inc.\" href=\"https:\/\/cpaquebec.ca\/\" target=\"_blank\" rel=\"noopener\">Ordre des comptables agr\u00e9\u00e9s du Qu\u00e9bec<\/a><\/li>\n<li><a href=\"https:\/\/cpaquebec.ca\/\" target=\"_blank\" rel=\"noopener\">Ordre des Comptables Professionnels Agr\u00e9\u00e9s du Qu\u00e9bec<\/a><\/li>\n<\/ul>\n<\/div><\/div><\/div><\/div><\/div><\/div><div class=\"fusion-layout-column fusion_builder_column fusion-builder-column-2 fusion_builder_column_1_1 1_1 fusion-flex-column\" style=\"--awb-bg-blend:overlay;--awb-bg-size:cover;--awb-border-color:#ffffff;--awb-border-bottom:1px;--awb-border-style:solid;--awb-width-large:100%;--awb-margin-top-large:0px;--awb-spacing-right-large:1.92%;--awb-margin-bottom-large:0px;--awb-spacing-left-large:1.92%;--awb-width-medium:100%;--awb-spacing-right-medium:1.92%;--awb-spacing-left-medium:1.92%;--awb-width-small:100%;--awb-spacing-right-small:1.92%;--awb-spacing-left-small:1.92%;\"><div class=\"fusion-column-wrapper fusion-flex-justify-content-flex-start fusion-content-layout-column\"><div class=\"fusion-title title fusion-title-3 fusion-title-text fusion-title-size-two\" style=\"--awb-text-color:#ffffff;--awb-margin-bottom:0px;\"><div class=\"title-sep-container title-sep-container-left fusion-no-large-visibility fusion-no-medium-visibility fusion-no-small-visibility\"><div class=\"title-sep sep- sep-solid\" style=\"border-color:var(--awb-color6);\"><\/div><\/div><span class=\"awb-title-spacer fusion-no-large-visibility fusion-no-medium-visibility fusion-no-small-visibility\"><\/span><h2 class=\"fusion-title-heading title-heading-left\" style=\"margin:0;\"><h2>Banks and financial sites<\/h2><\/h2><span class=\"awb-title-spacer\"><\/span><div class=\"title-sep-container title-sep-container-right\"><div class=\"title-sep sep- sep-solid\" style=\"border-color:var(--awb-color6);\"><\/div><\/div><\/div><div class=\"fusion-builder-row fusion-builder-row-inner fusion-row fusion-flex-align-items-flex-start fusion-flex-content-wrap\" style=\"width:104% !important;max-width:104% !important;margin-left: calc(-4% \/ 2 );margin-right: calc(-4% \/ 2 );\"><div class=\"fusion-layout-column fusion_builder_column_inner fusion-builder-nested-column-4 fusion_builder_column_inner_1_2 1_2 fusion-flex-column\" style=\"--awb-bg-size:cover;--awb-width-large:50%;--awb-margin-top-large:0px;--awb-spacing-right-large:3.84%;--awb-margin-bottom-large:15px;--awb-spacing-left-large:3.84%;--awb-width-medium:100%;--awb-order-medium:0;--awb-spacing-right-medium:1.92%;--awb-spacing-left-medium:1.92%;--awb-width-small:100%;--awb-order-small:0;--awb-spacing-right-small:1.92%;--awb-spacing-left-small:1.92%;\"><div class=\"fusion-column-wrapper fusion-column-has-shadow fusion-flex-justify-content-flex-start fusion-content-layout-column\"><div class=\"fusion-text fusion-text-5\"><ul class=\"colorful-bullet\">\n<li><a title=\"Liens Utiles | Massie Turcotte et Associ\u00c3\u00a9s inc.\" href=\"https:\/\/www.apff.org\/fr\/\" target=\"_blank\" rel=\"noopener\">Association de planification fiscale et financi\u00e8re<\/a><\/li>\n<li><a title=\"Liens Utiles | Massie Turcotte et Associ\u00c3\u00a9s inc.\" href=\"https:\/\/www.tmx.com\/\" target=\"_blank\" rel=\"noopener\">Bourse de Toronto<\/a><\/li>\n<li><a title=\"Liens Utiles | Massie Turcotte et Associ\u00c3\u00a9s inc.\" href=\"https:\/\/www.nasdaq.com\/\" target=\"_blank\" rel=\"noopener\">NASDAQ<\/a><\/li>\n<\/ul>\n<\/div><\/div><\/div><div class=\"fusion-layout-column fusion_builder_column_inner fusion-builder-nested-column-5 fusion_builder_column_inner_1_2 1_2 fusion-flex-column\" style=\"--awb-bg-size:cover;--awb-width-large:50%;--awb-margin-top-large:0px;--awb-spacing-right-large:3.84%;--awb-margin-bottom-large:15px;--awb-spacing-left-large:3.84%;--awb-width-medium:100%;--awb-order-medium:0;--awb-spacing-right-medium:1.92%;--awb-spacing-left-medium:1.92%;--awb-width-small:100%;--awb-order-small:0;--awb-spacing-right-small:1.92%;--awb-spacing-left-small:1.92%;\"><div class=\"fusion-column-wrapper fusion-column-has-shadow fusion-flex-justify-content-flex-start fusion-content-layout-column\"><div class=\"fusion-text fusion-text-6\"><ul class=\"colorful-bullet\">\n<li><a title=\"Liens Utiles | Massie Turcotte et Associ\u00c3\u00a9s inc.\" href=\"https:\/\/www.banqueducanada.ca\/\" target=\"_blank\" rel=\"noopener\">Banque du Canada<\/a><\/li>\n<li><a title=\"Liens Utiles | Massie Turcotte et Associ\u00c3\u00a9s inc.\" href=\"https:\/\/www.nyse.com\/index\" target=\"_blank\" rel=\"noopener\">Bourse de New York<\/a><\/li>\n<li><a title=\"Liens Utiles | Massie Turcotte et Associ\u00c3\u00a9s inc.\" href=\"https:\/\/www.sedar.com\/\" target=\"_blank\" rel=\"noopener\">Sedar<\/a><\/li>\n<\/ul>\n<\/div><\/div><\/div><\/div><\/div><\/div><div class=\"fusion-layout-column fusion_builder_column fusion-builder-column-3 fusion_builder_column_1_1 1_1 fusion-flex-column\" style=\"--awb-bg-blend:overlay;--awb-bg-size:cover;--awb-border-color:#ffffff;--awb-border-bottom:1px;--awb-border-style:solid;--awb-width-large:100%;--awb-margin-top-large:0px;--awb-spacing-right-large:1.92%;--awb-margin-bottom-large:0px;--awb-spacing-left-large:1.92%;--awb-width-medium:100%;--awb-spacing-right-medium:1.92%;--awb-spacing-left-medium:1.92%;--awb-width-small:100%;--awb-spacing-right-small:1.92%;--awb-spacing-left-small:1.92%;\"><div class=\"fusion-column-wrapper fusion-flex-justify-content-flex-start fusion-content-layout-column\"><div class=\"fusion-title title fusion-title-4 fusion-title-text fusion-title-size-two\" style=\"--awb-text-color:#ffffff;--awb-margin-bottom:0px;\"><div class=\"title-sep-container title-sep-container-left fusion-no-large-visibility fusion-no-medium-visibility fusion-no-small-visibility\"><div class=\"title-sep sep- sep-solid\" style=\"border-color:var(--awb-color6);\"><\/div><\/div><span class=\"awb-title-spacer fusion-no-large-visibility fusion-no-medium-visibility fusion-no-small-visibility\"><\/span><h2 class=\"fusion-title-heading title-heading-left\" style=\"margin:0;\"><h2>Others<\/h2><\/h2><span class=\"awb-title-spacer\"><\/span><div class=\"title-sep-container title-sep-container-right\"><div class=\"title-sep sep- sep-solid\" style=\"border-color:var(--awb-color6);\"><\/div><\/div><\/div><div class=\"fusion-builder-row fusion-builder-row-inner fusion-row fusion-flex-align-items-flex-start fusion-flex-content-wrap\" style=\"width:104% !important;max-width:104% !important;margin-left: calc(-4% \/ 2 );margin-right: calc(-4% \/ 2 );\"><div class=\"fusion-layout-column fusion_builder_column_inner fusion-builder-nested-column-6 fusion_builder_column_inner_1_2 1_2 fusion-flex-column\" style=\"--awb-bg-size:cover;--awb-width-large:50%;--awb-margin-top-large:0px;--awb-spacing-right-large:3.84%;--awb-margin-bottom-large:15px;--awb-spacing-left-large:3.84%;--awb-width-medium:100%;--awb-order-medium:0;--awb-spacing-right-medium:1.92%;--awb-spacing-left-medium:1.92%;--awb-width-small:100%;--awb-order-small:0;--awb-spacing-right-small:1.92%;--awb-spacing-left-small:1.92%;\"><div class=\"fusion-column-wrapper fusion-column-has-shadow fusion-flex-justify-content-flex-start fusion-content-layout-column\"><div class=\"fusion-text fusion-text-7\"><ul class=\"colorful-bullet\">\n<li><a title=\"Liens Utiles | Massie Turcotte et Associ\u00c3\u00a9s inc.\" href=\"https:\/\/www.cqff.com\/\" target=\"_blank\" rel=\"noopener\">Centre Qu\u00e9b\u00e9cois de formation en fiscalit\u00e9<\/a><\/li>\n<\/ul>\n<\/div><\/div><\/div><div class=\"fusion-layout-column fusion_builder_column_inner fusion-builder-nested-column-7 fusion_builder_column_inner_1_2 1_2 fusion-flex-column\" style=\"--awb-bg-size:cover;--awb-width-large:50%;--awb-margin-top-large:0px;--awb-spacing-right-large:3.84%;--awb-margin-bottom-large:15px;--awb-spacing-left-large:3.84%;--awb-width-medium:100%;--awb-order-medium:0;--awb-spacing-right-medium:1.92%;--awb-spacing-left-medium:1.92%;--awb-width-small:100%;--awb-order-small:0;--awb-spacing-right-small:1.92%;--awb-spacing-left-small:1.92%;\"><div class=\"fusion-column-wrapper fusion-column-has-shadow fusion-flex-justify-content-flex-start fusion-content-layout-column\"><div class=\"fusion-text fusion-text-8\"><ul class=\"colorful-bullet\">\n<li><a title=\"Liens Utiles | Massie Turcotte et Associ\u00c3\u00a9s inc.\" href=\"https:\/\/www.fondsftq.com\/\" target=\"_blank\" rel=\"noopener\">Fonds de solidarit\u00e9 des travailleurs du Qu\u00e9bec<\/a><\/li>\n<\/ul>\n<\/div><\/div><\/div><\/div><\/div><\/div><\/div><\/div>\n","protected":false},"excerpt":{"rendered":"","protected":false},"author":1,"featured_media":0,"parent":0,"menu_order":0,"comment_status":"closed","ping_status":"closed","template":"","meta":{"inline_featured_image":false,"footnotes":""},"class_list":["post-3688","page","type-page","status-publish","hentry"],"yoast_head":"<!-- This site is optimized with the Yoast SEO plugin v26.2 - https:\/\/yoast.com\/wordpress\/plugins\/seo\/ -->\n<title>Useful Links | MTA Brossard<\/title>\n<meta name=\"description\" content=\"Take a look to these useful links, from government websites to professional orders and banks, to learn more about accounting and financing.\" \/>\n<meta name=\"robots\" content=\"index, follow, max-snippet:-1, max-image-preview:large, max-video-preview:-1\" \/>\n<link rel=\"canonical\" href=\"https:\/\/www.mpmt.ca\/en\/useful-links\/\" \/>\n<meta property=\"og:locale\" content=\"en_US\" \/>\n<meta property=\"og:type\" content=\"article\" \/>\n<meta property=\"og:title\" content=\"Useful Links | MTA Brossard\" \/>\n<meta property=\"og:description\" content=\"Take a look to these useful links, from government websites to professional orders and banks, to learn more about accounting and financing.\" \/>\n<meta property=\"og:url\" content=\"https:\/\/www.mpmt.ca\/en\/useful-links\/\" \/>\n<meta property=\"og:site_name\" content=\"MTA CPA\" \/>\n<meta property=\"article:publisher\" content=\"https:\/\/www.facebook.com\/MTACPAinc\/\" \/>\n<meta property=\"article:modified_time\" content=\"2024-12-16T18:35:07+00:00\" \/>\n<meta name=\"twitter:card\" content=\"summary_large_image\" \/>\n<meta name=\"twitter:label1\" content=\"Est. reading time\" \/>\n\t<meta name=\"twitter:data1\" content=\"1 minute\" \/>\n<!-- \/ Yoast SEO plugin. -->","yoast_head_json":{"title":"Useful Links | MTA Brossard","description":"Take a look to these useful links, from government websites to professional orders and banks, to learn more about accounting and financing.","robots":{"index":"index","follow":"follow","max-snippet":"max-snippet:-1","max-image-preview":"max-image-preview:large","max-video-preview":"max-video-preview:-1"},"canonical":"https:\/\/www.mpmt.ca\/en\/useful-links\/","og_locale":"en_US","og_type":"article","og_title":"Useful Links | MTA Brossard","og_description":"Take a look to these useful links, from government websites to professional orders and banks, to learn more about accounting and financing.","og_url":"https:\/\/www.mpmt.ca\/en\/useful-links\/","og_site_name":"MTA CPA","article_publisher":"https:\/\/www.facebook.com\/MTACPAinc\/","article_modified_time":"2024-12-16T18:35:07+00:00","twitter_card":"summary_large_image","twitter_misc":{"Est. reading time":"1 minute"},"schema":{"@context":"https:\/\/schema.org","@graph":[{"@type":"WebPage","@id":"https:\/\/www.mpmt.ca\/en\/useful-links\/","url":"https:\/\/www.mpmt.ca\/en\/useful-links\/","name":"Useful Links | MTA Brossard","isPartOf":{"@id":"https:\/\/www.mpmt.ca\/en\/#website"},"datePublished":"2024-10-01T20:26:54+00:00","dateModified":"2024-12-16T18:35:07+00:00","description":"Take a look to these useful links, from government websites to professional orders and banks, to learn more about accounting and financing.","breadcrumb":{"@id":"https:\/\/www.mpmt.ca\/en\/useful-links\/#breadcrumb"},"inLanguage":"en-US","potentialAction":[{"@type":"ReadAction","target":["https:\/\/www.mpmt.ca\/en\/useful-links\/"]}]},{"@type":"BreadcrumbList","@id":"https:\/\/www.mpmt.ca\/en\/useful-links\/#breadcrumb","itemListElement":[{"@type":"ListItem","position":1,"name":"Accueil","item":"https:\/\/www.mpmt.ca\/en\/"},{"@type":"ListItem","position":2,"name":"Useful links"}]},{"@type":"WebSite","@id":"https:\/\/www.mpmt.ca\/en\/#website","url":"https:\/\/www.mpmt.ca\/en\/","name":"MTA CPA","description":"","publisher":{"@id":"https:\/\/www.mpmt.ca\/en\/#organization"},"potentialAction":[{"@type":"SearchAction","target":{"@type":"EntryPoint","urlTemplate":"https:\/\/www.mpmt.ca\/en\/?s={search_term_string}"},"query-input":{"@type":"PropertyValueSpecification","valueRequired":true,"valueName":"search_term_string"}}],"inLanguage":"en-US"},{"@type":"Organization","@id":"https:\/\/www.mpmt.ca\/en\/#organization","name":"MTA CPA","url":"https:\/\/www.mpmt.ca\/en\/","logo":{"@type":"ImageObject","inLanguage":"en-US","@id":"https:\/\/www.mpmt.ca\/en\/#\/schema\/logo\/image\/","url":"https:\/\/www.mpmt.ca\/wp-content\/uploads\/2024\/09\/mta-logo-2x.png","contentUrl":"https:\/\/www.mpmt.ca\/wp-content\/uploads\/2024\/09\/mta-logo-2x.png","width":498,"height":120,"caption":"MTA CPA"},"image":{"@id":"https:\/\/www.mpmt.ca\/en\/#\/schema\/logo\/image\/"},"sameAs":["https:\/\/www.facebook.com\/MTACPAinc\/","https:\/\/www.instagram.com\/mta_cpa_inc\/","https:\/\/www.linkedin.com\/company\/massie-turcotte-et-associs-inc-\/?originalSubdomain=ca"]}]}},"_links":{"self":[{"href":"https:\/\/www.mpmt.ca\/en\/wp-json\/wp\/v2\/pages\/3688","targetHints":{"allow":["GET"]}}],"collection":[{"href":"https:\/\/www.mpmt.ca\/en\/wp-json\/wp\/v2\/pages"}],"about":[{"href":"https:\/\/www.mpmt.ca\/en\/wp-json\/wp\/v2\/types\/page"}],"author":[{"embeddable":true,"href":"https:\/\/www.mpmt.ca\/en\/wp-json\/wp\/v2\/users\/1"}],"replies":[{"embeddable":true,"href":"https:\/\/www.mpmt.ca\/en\/wp-json\/wp\/v2\/comments?post=3688"}],"version-history":[{"count":4,"href":"https:\/\/www.mpmt.ca\/en\/wp-json\/wp\/v2\/pages\/3688\/revisions"}],"predecessor-version":[{"id":3739,"href":"https:\/\/www.mpmt.ca\/en\/wp-json\/wp\/v2\/pages\/3688\/revisions\/3739"}],"wp:attachment":[{"href":"https:\/\/www.mpmt.ca\/en\/wp-json\/wp\/v2\/media?parent=3688"}],"curies":[{"name":"wp","href":"https:\/\/api.w.org\/{rel}","templated":true}]}}